{"id":39,"date":"2014-02-20T12:18:52","date_gmt":"2014-02-20T10:18:52","guid":{"rendered":"http:\/\/www.beifuss-versicherungen.de\/wp\/?page_id=39"},"modified":"2022-05-30T15:43:05","modified_gmt":"2022-05-30T13:43:05","slug":"startseite","status":"publish","type":"page","link":"https:\/\/www.beifuss-versicherungen.de\/","title":{"rendered":"Start"},"content":{"rendered":"<table style=\"border: 2px; padding: 5px; background-color: #1981a4 !important; width: 100%;\" border=\"0\" cellspacing=\"0\" cellpadding=\"0\">\n<tbody>\n<tr>\n<td style=\"border: 0px; padding: 0px; background-color: #1981a4 !important;\"><span style=\"color: #ffffff;\">\u00a0Tel.: 04793-95058 <\/span><\/td>\n<td style=\"border: 0px; padding: 0px; background-color: #1981a4 !important;\"><strong><span style=\"color: #ffffff;\">|<\/span><\/strong><\/td>\n<td style=\"border: 0px; padding: 0px; background-color: #1981a4 !important;\"><span style=\"color: #ffffff;\">Fax: 04793-95059<\/span><\/td>\n<td style=\"border: 0px; padding: 0px; background-color: #1981a4 !important;\"><strong><span style=\"color: #ffffff;\">|<\/span><\/strong><\/td>\n<td style=\"border: 0px; padding: 0px; background-color: #1981a4 !important;\"><a title=\"Kontakt\" href=\"http:\/\/www.beifuss-versicherungen.de\/?page_id=55\"><span style=\"color: #ffffff;\">EMail-Kontakt<\/span><\/a><\/td>\n<\/tr>\n<\/tbody>\n<\/table>\n<h1 style=\"text-align: justify;\">\u00a0Willkommen<\/h1>\n<p style=\"text-align: justify;\"><strong>\u00a0<span style=\"color: #1981a4;\">\u00a0\u00a0auf der Internetseite von BEIFUSS-VERSICHERUNGEN.<\/span><\/strong><\/p>\n<h6>\u00dcber uns<\/h6>\n<p style=\"text-align: justify;\">Unser Unternehmen wird vom Inhaber Stefan Beifuss und seiner Ehefrau gef\u00fchrt. Wir sind seit \u00fcber 20 Jahren in der Versicherungs- und Finanzierungsbranche t\u00e4tig. Die Weiterbildung zum\u00a0 Versicherungsfachwirt (IHK), und Betriebswirt (VWA) untermauern diese Erfahrung.<\/p>\n<h6>Was machen wir als Versicherungsmakler<\/h6>\n<p style=\"text-align: justify;\">Wir treten in Ihrem Auftrag gegen\u00fcber den Gesellschaften auf und helfen bei der Absicherung Ihrer Risiken. Hierzu analysieren wir Ihre Situation und zeigen Ihnen diese auf. Falls Sie \u00c4nderungen an Ihren aktuellen Versicherungen vornehmen m\u00f6chten, unterst\u00fctzen wir beratend und unterbreiten Vorschl\u00e4ge.<\/p>\n<h6>Was passiert im Schadensfall<\/h6>\n<p style=\"text-align: justify;\">Sie melden den Schaden direkt bei unserem Unternehmen. Wir k\u00fcmmern uns anschlie\u00dfend um die Meldung bei dem Versicherungsunternehmen und stehen als Bevollm\u00e4chtigter auf Ihrer Seite. Wir treten bei den Gesellschaften als Ihr Vertreter auf.<\/p>\n<h6>Der unterschied<\/h6>\n<p style=\"text-align: justify;\">Der wichtigste Unterschied ist die Position eines Versicherungsmaklers. <span style=\"text-decoration: underline;\">Wir sind nur Ihnen verpflichtet und nicht den Versicherungsgesellschaften<\/span>. Hierdurch k\u00f6nnen wir unabh\u00e4ngig von den Regulierungsvorschriften der Gesellschafter im Schadensfall argumentieren und Ihre Interessen durchsetzen.<\/p>\n","protected":false},"excerpt":{"rendered":"<p>\u00a0Tel.: 04793-95058 | Fax: 04793-95059 | EMail-Kontakt \u00a0Willkommen \u00a0\u00a0\u00a0auf der Internetseite von BEIFUSS-VERSICHERUNGEN. \u00dcber uns Unser Unternehmen wird vom Inhaber Stefan Beifuss und seiner Ehefrau gef\u00fchrt. Wir sind seit \u00fcber 20 Jahren in der Versicherungs- und Finanzierungsbranche t\u00e4tig. Die Weiterbildung&hellip; <\/p>\n","protected":false},"author":1,"featured_media":0,"parent":0,"menu_order":0,"comment_status":"closed","ping_status":"closed","template":"","meta":[],"_links":{"self":[{"href":"https:\/\/www.beifuss-versicherungen.de\/index.php?rest_route=\/wp\/v2\/pages\/39"}],"collection":[{"href":"https:\/\/www.beifuss-versicherungen.de\/index.php?rest_route=\/wp\/v2\/pages"}],"about":[{"href":"https:\/\/www.beifuss-versicherungen.de\/index.php?rest_route=\/wp\/v2\/types\/page"}],"author":[{"embeddable":true,"href":"https:\/\/www.beifuss-versicherungen.de\/index.php?rest_route=\/wp\/v2\/users\/1"}],"replies":[{"embeddable":true,"href":"https:\/\/www.beifuss-versicherungen.de\/index.php?rest_route=%2Fwp%2Fv2%2Fcomments&post=39"}],"version-history":[{"count":51,"href":"https:\/\/www.beifuss-versicherungen.de\/index.php?rest_route=\/wp\/v2\/pages\/39\/revisions"}],"predecessor-version":[{"id":262,"href":"https:\/\/www.beifuss-versicherungen.de\/index.php?rest_route=\/wp\/v2\/pages\/39\/revisions\/262"}],"wp:attachment":[{"href":"https:\/\/www.beifuss-versicherungen.de\/index.php?rest_route=%2Fwp%2Fv2%2Fmedia&parent=39"}],"curies":[{"name":"wp","href":"https:\/\/api.w.org\/{rel}","templated":true}]}}